{"id":8652,"date":"2025-02-12T17:23:27","date_gmt":"2025-02-12T17:23:27","guid":{"rendered":"https:\/\/altaswq.com\/?post_type=product&#038;p=8652"},"modified":"2025-02-12T18:05:37","modified_gmt":"2025-02-12T18:05:37","slug":"%d8%ab%d9%84%d8%a7%d8%ab-%d8%ad%d8%a8%d8%a7%d8%aa-%d9%85%d8%b5%d8%a7%d8%a8%d9%8a%d8%ad-%d8%b9%d9%84%d9%89-%d8%b4%d9%83%d9%84-%d9%83%d8%a7%d9%85%d9%8a%d8%b1%d8%a7-%d9%84%d8%ad%d9%85%d8%a7%d9%8a%d8%a9","status":"publish","type":"product","link":"https:\/\/altaswq.com\/?product=%d8%ab%d9%84%d8%a7%d8%ab-%d8%ad%d8%a8%d8%a7%d8%aa-%d9%85%d8%b5%d8%a7%d8%a8%d9%8a%d8%ad-%d8%b9%d9%84%d9%89-%d8%b4%d9%83%d9%84-%d9%83%d8%a7%d9%85%d9%8a%d8%b1%d8%a7-%d9%84%d8%ad%d9%85%d8%a7%d9%8a%d8%a9","title":{"rendered":"\u062b\u0644\u0627\u062b \u062d\u0628\u0627\u062a \u0645\u0635\u0627\u0628\u064a\u062d \u0639\u0644\u0649 \u0634\u0643\u0644 \u0643\u0627\u0645\u064a\u0631\u0627 \u0644\u062d\u0645\u0627\u064a\u0629 \u0627\u0644\u0645\u0646\u0632\u0644 \u0648\u0627\u0644\u0639\u0645\u0644"},"content":{"rendered":"<h1 style=\"text-align: center;\" data-start=\"221\" data-end=\"254\"><span style=\"color: #ff0000;\">\ud83d\udd25 <em data-start=\"228\" data-end=\"249\">\u0639\u0631\u0636 \u062e\u0627\u0635 \u0644\u0641\u062a\u0631\u0629 \u0645\u062d\u062f\u0648\u062f\u0629 !<\/em> \ud83d\udd25<\/span><\/h1>\n<h4 data-start=\"255\" data-end=\"340\"><span style=\"color: #008000;\"><strong data-start=\"255\" data-end=\"319\">3 \u0643\u0634\u0627\u0641\u0627\u062a \u0628\u0627\u0644\u0637\u0627\u0642\u0629 \u0627\u0644\u0634\u0645\u0633\u064a\u0629 \u0628\u0633\u0639\u0631 199 \u0631\u064a\u0627\u0644 \u0641\u0642\u0637 \u0628\u062f\u0644\u0627\u064b \u0645\u0646 <del>275 \u0631\u064a\u0627\u0644<\/del><\/strong> \u2013 \u0648\u0641\u0631 \u0623\u0643\u062b\u0631 \u0645\u0646 26%!<\/span><\/h4>\n<p data-start=\"255\" data-end=\"340\"><img decoding=\"async\" class=\"aligncenter\" src=\"https:\/\/cdn.ycan.shop\/stores\/f98795223102bf2dfa9fef0c0a009b15\/others\/zqyOuOQlDbgkj4kVQDwniOyYbLVhQZuxFgSr9OU0.jpeg\" alt=\"\u0645\u0635\u0628\u0627\u062d \u0639\u0644\u0649 \u0634\u0643\u0644 \u0643\u0627\u0645\u064a\u0631\u0627 \u0628\u0627\u0644\u0637\u0627\u0642\u0629 \u0627\u0644\u0634\u0645\u0633\u064a\u0629 \u0648 \u0631\u0627\u0635\u062f \u0644\u0644\u062d\u0631\u0643\u0629\" \/><\/p>\n<h2 data-start=\"347\" data-end=\"376\"><span style=\"color: #ff0000;\">\ud83d\udca1 <strong data-start=\"353\" data-end=\"376\">\u0623\u0628\u0631\u0632 \u0645\u0645\u064a\u0632\u0627\u062a \u0627\u0644\u0645\u0646\u062a\u062c:<\/strong><\/span><\/h2>\n<ul data-start=\"378\" data-end=\"983\">\n<li data-start=\"378\" data-end=\"440\">\n<h3><span style=\"color: #008000;\"><strong data-start=\"380\" data-end=\"401\">\u062b\u0644\u0627\u062b\u0629 \u0623\u0648\u0636\u0627\u0639 \u0625\u0636\u0627\u0621\u0629<\/strong> \u062a\u0646\u0627\u0633\u0628 \u0627\u062d\u062a\u064a\u0627\u062c\u0643<\/span>: <span style=\"color: #000000;\">\u0625\u0636\u0627\u0621\u0629 \u0642\u0648\u064a\u0629 \u0623\u0648 \u0645\u0633\u062a\u0645\u0631\u0629.<\/span><\/h3>\n<\/li>\n<li data-start=\"441\" data-end=\"517\">\n<h3><span style=\"color: #008000;\"><strong data-start=\"443\" data-end=\"460\">\u062d\u0633\u0627\u0633 \u062d\u0631\u0643\u0629 \u0630\u0643\u064a<\/strong>:<\/span> <span style=\"color: #000000;\">\u064a\u0644\u062a\u0642\u0637 \u0627\u0644\u062d\u0631\u0643\u0629 \u0645\u0646 \u0645\u0633\u0627\u0641\u0629 3-5 \u0645\u062a\u0631 \u0648\u064a\u0634\u063a\u0644 \u0627\u0644\u0625\u0636\u0627\u0621\u0629 \u062a\u0644\u0642\u0627\u0626\u064a\u064b\u0627.<\/span><\/h3>\n<\/li>\n<li data-start=\"518\" data-end=\"575\">\n<h3><span style=\"color: #008000;\"><strong data-start=\"520\" data-end=\"543\">\u062a\u0635\u0645\u064a\u0645 \u064a\u0634\u0628\u0647 \u0627\u0644\u0643\u0627\u0645\u064a\u0631\u0627<\/strong>:<\/span> <span style=\"color: #000000;\">\u064a\u0631\u062f\u0639 \u0627\u0644\u0644\u0635\u0648\u0635 \u0648\u064a\u0632\u064a\u062f \u0645\u0646 \u0627\u0644\u0623\u0645\u0627\u0646.<\/span><\/h3>\n<\/li>\n<li data-start=\"576\" data-end=\"636\">\n<h3><span style=\"color: #008000;\"><strong data-start=\"578\" data-end=\"598\">77 \u0644\u0645\u0628\u0629 LED \u0642\u0648\u064a\u0629 :\u00a0<\/strong><\/span> <span style=\"color: #000000;\">\u062a\u0645\u0646\u062d\u0643 \u0625\u0636\u0627\u0621\u0629 \u0633\u0627\u0637\u0639\u0629 \u062a\u063a\u0637\u064a \u0645\u0633\u0627\u062d\u0629 \u0648\u0627\u0633\u0639\u0629.<\/span><\/h3>\n<\/li>\n<li data-start=\"637\" data-end=\"694\">\n<h3><span style=\"color: #008000;\"><strong data-start=\"639\" data-end=\"661\">\u0632\u0627\u0648\u064a\u0629 \u0625\u0636\u0627\u0621\u0629 \u0645\u062a\u062d\u0631\u0643\u0629<\/strong>:<\/span> <span style=\"color: #000000;\">\u062a\u062f\u0648\u0631 360\u00b0 \u0623\u0641\u0642\u064a\u064b\u0627 \u064890\u00b0 \u0631\u0623\u0633\u064a\u064b\u0627.<\/span><\/h3>\n<\/li>\n<li data-start=\"695\" data-end=\"755\">\n<h3><span style=\"color: #008000;\"><strong data-start=\"697\" data-end=\"721\">\u064a\u0639\u0645\u0644 \u0628\u0627\u0644\u0637\u0627\u0642\u0629 \u0627\u0644\u0634\u0645\u0633\u064a\u0629<\/strong>:<\/span> <span style=\"color: #000000;\">\u0644\u0627 \u062d\u0627\u062c\u0629 \u0625\u0644\u0649 \u0643\u0647\u0631\u0628\u0627\u0621 \u0623\u0648 \u062a\u0645\u062f\u064a\u062f\u0627\u062a.<\/span><\/h3>\n<\/li>\n<li data-start=\"756\" data-end=\"814\">\n<h3><span style=\"color: #008000;\"><strong data-start=\"758\" data-end=\"781\">\u0628\u0637\u0627\u0631\u064a\u0629 2400mAh \u0642\u0648\u064a\u0629 :\u00a0<\/strong><\/span> <span style=\"color: #000000;\">\u062a\u062f\u0648\u0645 \u0637\u0648\u064a\u0644\u0627\u064b \u0648\u062a\u0634\u062d\u0646 \u062e\u0644\u0627\u0644 \u0627\u0644\u0646\u0647\u0627\u0631.<\/span><\/h3>\n<\/li>\n<li data-start=\"815\" data-end=\"872\">\n<h3><span style=\"color: #008000;\"><strong data-start=\"817\" data-end=\"840\">\u0645\u0642\u0627\u0648\u0645 \u0644\u0644\u0645\u0627\u0621 \u0648\u0627\u0644\u063a\u0628\u0627\u0631<\/strong>:<\/span> <span style=\"color: #000000;\">\u064a\u062a\u062d\u0645\u0644 \u0627\u0644\u0638\u0631\u0648\u0641 \u0627\u0644\u062c\u0648\u064a\u0629 \u0627\u0644\u0642\u0627\u0633\u064a\u0629.<\/span><\/h3>\n<\/li>\n<li data-start=\"873\" data-end=\"923\">\n<h3><span style=\"color: #008000;\"><strong data-start=\"875\" data-end=\"896\">\u0631\u064a\u0645\u0648\u062a \u062a\u062d\u0643\u0645 \u0639\u0646 \u0628\u0639\u062f :<\/strong> <\/span><span style=\"color: #000000;\">\u0644\u062a\u063a\u064a\u064a\u0631 \u0627\u0644\u0625\u0639\u062f\u0627\u062f\u0627\u062a \u0628\u0633\u0647\u0648\u0644\u0629.<\/span><\/h3>\n<\/li>\n<li data-start=\"924\" data-end=\"983\">\n<h3><span style=\"color: #008000;\"><strong data-start=\"926\" data-end=\"941\">\u0633\u0647\u0644 \u0627\u0644\u062a\u0631\u0643\u064a\u0628<\/strong>:<\/span><span style=\"color: #000000;\"> \u064a\u062b\u0628\u062a \u0639\u0644\u0649 \u0627\u0644\u062c\u062f\u0631\u0627\u0646 \u0623\u0648 \u0627\u0644\u0623\u0639\u0645\u062f\u0629 \u0628\u0627\u0644\u0645\u0633\u0627\u0645\u064a\u0631.<\/span><\/h3>\n<\/li>\n<\/ul>\n<p><img decoding=\"async\" src=\"https:\/\/cdn.cloudtiktak.com\/media\/static\/media\/Yellow_Simple_Depop_Profile_Picture_21_1.webp\" alt=\"Otta Shop | \u0645\u0635\u0628\u0627\u062d LED \u062d\u0627\u0626\u0637\u064a \u0639\u0644\u0649 \u0634\u0643\u0644 \u0643\u0627\u0645\u064a\u0631\u0627 \u064a\u0639\u0645\u0644 \u0628\u0627\u0644\u0637\u0627\u0642\u0629 \u0627\u0644\u0634\u0645\u0633\u064a\u0629 \u0645\u0639 \u0645\u0633\u062a\u0634\u0639\u0631 \u062d\u0631\u0643\u0629 \u0648\u062c\u0647\u0627\u0632 \u062a\u062d\u0643\u0645\" \/><\/p>\n<h2 data-start=\"990\" data-end=\"1013\"><span style=\"color: #ff0000;\">\ud83c\udf81 <strong data-start=\"996\" data-end=\"1013\">\u0645\u062d\u062a\u0648\u0649 \u0627\u0644\u0639\u0628\u0648\u0629:<\/strong><\/span><\/h2>\n<ul data-start=\"1015\" data-end=\"1117\">\n<li data-start=\"1015\" data-end=\"1044\">\n<h4><span style=\"color: #000000;\">3 \u0643\u0634\u0627\u0641\u0627\u062a \u0628\u0627\u0644\u0637\u0627\u0642\u0629 \u0627\u0644\u0634\u0645\u0633\u064a\u0629.<\/span><\/h4>\n<\/li>\n<li data-start=\"1045\" data-end=\"1064\">\n<h4><span style=\"color: #000000;\">3 \u0631\u064a\u0645\u0648\u062a\u0627\u062a \u062a\u062d\u0643\u0645.<\/span><\/h4>\n<\/li>\n<li data-start=\"1065\" data-end=\"1097\">\n<h4><span style=\"color: #000000;\">3 \u0645\u062c\u0645\u0648\u0639\u0627\u062a \u0645\u0646 \u0645\u0633\u0627\u0645\u064a\u0631 \u0627\u0644\u062a\u062b\u0628\u064a\u062a.<\/span><\/h4>\n<\/li>\n<li data-start=\"1098\" data-end=\"1117\">\n<h4><span style=\"color: #000000;\">3 \u0643\u062a\u064a\u0628\u0627\u062a \u0625\u0631\u0634\u0627\u062f\u064a\u0629.<\/span><\/h4>\n<\/li>\n<\/ul>\n<p><img decoding=\"async\" src=\"https:\/\/elenoradz.com\/cdn\/shop\/files\/download-2023-12-10T151521.060.jpg?v=1702218612\" alt=\"\u0645\u0635\u0628\u0627\u062d \u0627\u0644\u0637\u0627\u0642\u0629 \u0627\u0644\u0634\u0645\u0633\u064a\u0629 \u0639\u0644\u0649 \u0634\u0643\u0644 \u0643\u0627\u0645\u064a\u0631\u0627 \u2013 Elenora\" \/><\/p>\n<h2 data-start=\"1124\" data-end=\"1148\"><span style=\"color: #ff0000;\">\ud83d\udce6 <strong data-start=\"1130\" data-end=\"1148\">\u062a\u0641\u0627\u0635\u064a\u0644 \u0627\u0644\u0645\u0646\u062a\u062c:<\/strong><\/span><\/h2>\n<ul data-start=\"1150\" data-end=\"1314\">\n<li data-start=\"1150\" data-end=\"1169\">\n<h4><span style=\"color: #000000;\"><strong data-start=\"1152\" data-end=\"1162\">\u0627\u0644\u0644\u0648\u0646:<\/strong> \u0623\u0633\u0648\u062f<\/span><\/h4>\n<\/li>\n<li data-start=\"1170\" data-end=\"1193\">\n<h4><span style=\"color: #000000;\"><strong data-start=\"1172\" data-end=\"1182\">\u0627\u0644\u0648\u0632\u0646:<\/strong> 230 \u062c\u0631\u0627\u0645<\/span><\/h4>\n<\/li>\n<li data-start=\"1194\" data-end=\"1229\">\n<h4><span style=\"color: #000000;\"><strong data-start=\"1196\" data-end=\"1208\">\u0627\u0644\u0623\u0628\u0639\u0627\u062f:<\/strong> 185 \u00d7 88 \u00d7 180 \u0645\u0644\u0645<\/span><\/h4>\n<\/li>\n<li data-start=\"1230\" data-end=\"1262\">\n<h4><span style=\"color: #000000;\"><strong data-start=\"1232\" data-end=\"1243\">\u0627\u0644\u062e\u0627\u0645\u0629:<\/strong> \u0628\u0644\u0627\u0633\u062a\u064a\u0643 ABS \u0645\u062a\u064a\u0646<\/span><\/h4>\n<\/li>\n<li data-start=\"1263\" data-end=\"1314\">\n<h4><span style=\"color: #000000;\"><strong data-start=\"1265\" data-end=\"1283\">\u0637\u0631\u064a\u0642\u0629 \u0627\u0644\u062a\u0631\u0643\u064a\u0628:<\/strong> \u062a\u062b\u0628\u064a\u062a \u0639\u0644\u0649 \u0627\u0644\u062c\u062f\u0631\u0627\u0646 \u0623\u0648 \u0627\u0644\u0623\u0639\u0645\u062f\u0629<\/span><\/h4>\n<\/li>\n<\/ul>\n<p><img decoding=\"async\" src=\"https:\/\/haylla.com\/images\/detailed\/341\/JLP-T8-1.jpg\" alt=\"\u0645\u0635\u0628\u0627\u062d LED \u062d\u0627\u0626\u0637\u064a \u0639\u0644\u0649 \u0634\u0643\u0644 \u0643\u0627\u0645\u064a\u0631\u0627 \u064a\u0639\u0645\u0644 \u0628\u0627\u0644\u0637\u0627\u0642\u0629 \u0627\u0644\u0634\u0645\u0633\u064a\u0629 \u0645\u0639 \u0645\u0633\u062a\u0634\u0639\u0631 \u062d\u0631\u0643\u0629 \u0648\u062c\u0647\u0627\u0632 \u062a\u062d\u0643\u0645 Projecteur Mural Solaire Avec D\u00e9tecteur De Mouvement Et T\u00e9l\u00e9commande ...\" \/><\/p>\n<h2 data-start=\"1321\" data-end=\"1340\"><span style=\"color: #ff0000;\">\ud83d\udd12 <strong data-start=\"1327\" data-end=\"1338\">\u0627\u0644\u0636\u0645\u0627\u0646:<\/strong><\/span><\/h2>\n<ul data-start=\"1342\" data-end=\"1394\">\n<li data-start=\"1342\" data-end=\"1368\"><span style=\"color: #000000;\"><strong data-start=\"1344\" data-end=\"1359\">\u0645\u062f\u0629 \u0627\u0644\u0636\u0645\u0627\u0646:<\/strong> 14 \u064a\u0648\u0645<\/span><\/li>\n<li data-start=\"1369\" data-end=\"1394\"><span style=\"color: #000000;\"><strong data-start=\"1371\" data-end=\"1387\">\u0648\u0643\u064a\u0644 \u0627\u0644\u0636\u0645\u0627\u0646:<\/strong> \u062f\u0648\u0632\u0646<\/span><\/li>\n<\/ul>\n<h2 data-start=\"1401\" data-end=\"1437\"><span style=\"color: #ff0000;\">\ud83c\udfaf <strong data-start=\"1407\" data-end=\"1437\">\u0644\u0645\u0627\u0630\u0627 \u0647\u0630\u0627 \u0627\u0644\u0645\u0646\u062a\u062c \u0645\u062b\u0627\u0644\u064a \u0644\u0643\u061f<\/strong><\/span><\/h2>\n<ul data-start=\"1439\" data-end=\"1614\">\n<li data-start=\"1439\" data-end=\"1525\">\n<h4>\u064a\u0648\u0641\u0631 <strong data-start=\"1446\" data-end=\"1467\">\u0625\u0636\u0627\u0621\u0629 \u0622\u0645\u0646\u0629 \u0648\u0641\u0639\u0627\u0644\u0629<\/strong> \u0641\u064a \u0627\u0644\u0623\u0645\u0627\u0643\u0646 \u0627\u0644\u062e\u0627\u0631\u062c\u064a\u0629 \u0645\u062b\u0644 \u0627\u0644\u062d\u0648\u0634\u060c \u0627\u0644\u0645\u0632\u0631\u0639\u0629\u060c \u0623\u0648 \u0645\u062f\u062e\u0644 \u0627\u0644\u0645\u0646\u0632\u0644.<\/h4>\n<\/li>\n<li data-start=\"1526\" data-end=\"1569\">\n<h4>\u0644\u0627 \u062d\u0627\u062c\u0629 \u0644\u0644\u0642\u0644\u0642 \u0628\u0634\u0623\u0646 <strong data-start=\"1547\" data-end=\"1566\">\u0641\u0627\u062a\u0648\u0631\u0629 \u0627\u0644\u0643\u0647\u0631\u0628\u0627\u0621<\/strong>.<\/h4>\n<\/li>\n<li data-start=\"1570\" data-end=\"1614\">\n<h4><strong data-start=\"1572\" data-end=\"1591\">\u062a\u0635\u0645\u064a\u0645 \u0623\u0646\u064a\u0642 \u0648\u0630\u0643\u064a<\/strong> \u064a\u0645\u0646\u062d\u0643 \u0625\u062d\u0633\u0627\u0633\u0627\u064b \u0628\u0627\u0644\u0623\u0645\u0627\u0646.<\/h4>\n<\/li>\n<\/ul>\n<p>&nbsp;<\/p>\n<h2 data-start=\"105\" data-end=\"145\"><span style=\"color: #ff0000;\">\u2728 <strong data-start=\"110\" data-end=\"143\">\u0627\u0633\u062a\u062b\u0645\u0627\u0631 \u0630\u0643\u064a \u0644\u0623\u0645\u0627\u0646 \u0648\u0631\u0627\u062d\u0629 \u0645\u0646\u0632\u0644\u0643<\/strong><\/span><\/h2>\n<h5 data-start=\"147\" data-end=\"525\"><span style=\"color: #000000;\">\u0645\u0639 \u0647\u0630\u0627 \u0627\u0644\u0643\u0634\u0627\u0641 \u0628\u0627\u0644\u0637\u0627\u0642\u0629 \u0627\u0644\u0634\u0645\u0633\u064a\u0629\u060c \u0644\u0646 \u062a\u062d\u062a\u0627\u062c \u0625\u0644\u0649 \u062f\u0641\u0639 \u062a\u0643\u0627\u0644\u064a\u0641 \u0625\u0636\u0627\u0641\u064a\u0629 \u0644\u0644\u0643\u0647\u0631\u0628\u0627\u0621 \u0623\u0648 \u0627\u0644\u0642\u0644\u0642 \u0628\u0634\u0623\u0646 \u0627\u0644\u062a\u0645\u062f\u064a\u062f\u0627\u062a \u0627\u0644\u0645\u0639\u0642\u062f\u0629. <strong data-start=\"251\" data-end=\"304\">\u0625\u0636\u0627\u0621\u0629 \u0642\u0648\u064a\u0629\u060c \u062a\u0635\u0645\u064a\u0645 \u0630\u0643\u064a\u060c \u0648\u0633\u0647\u0648\u0644\u0629 \u0627\u0633\u062a\u062e\u062f\u0627\u0645 \u0644\u0627 \u0645\u062b\u064a\u0644 \u0644\u0647\u0627<\/strong> \u2013 \u0643\u0644 \u0647\u0630\u0627 \u0641\u064a \u0645\u0646\u062a\u062c \u0648\u0627\u062d\u062f!<\/span><br data-start=\"327\" data-end=\"330\" \/><span style=\"color: #000000;\">\u0633\u0648\u0627\u0621 \u0643\u0646\u062a \u062a\u0628\u062d\u062b \u0639\u0646 \u062d\u0645\u0627\u064a\u0629 \u0625\u0636\u0627\u0641\u064a\u0629 \u0644\u0645\u0646\u0632\u0644\u0643 \u0623\u0648 \u0625\u0636\u0627\u0621\u0629 \u0641\u0639\u0627\u0644\u0629 \u0644\u0644\u062d\u062f\u064a\u0642\u0629 \u0648\u0627\u0644\u0645\u0632\u0631\u0639\u0629\u060c \u0641\u0647\u0630\u0627 \u0627\u0644\u0639\u0631\u0636 <strong data-start=\"411\" data-end=\"430\">\u0647\u0648 \u0627\u0644\u062d\u0644 \u0627\u0644\u0645\u062b\u0627\u0644\u064a<\/strong>.<\/span><br data-start=\"431\" data-end=\"434\" \/><span style=\"color: #000000;\"><strong data-start=\"434\" data-end=\"488\">\u0648\u0644\u0627 \u062a\u0646\u0633\u064e \u0627\u0644\u0639\u0631\u0636 \u0627\u0644\u0645\u0645\u064a\u0632: 3 \u0643\u0634\u0627\u0641\u0627\u062a<span style=\"color: #008000;\"> \u0628\u0633\u0639\u0631 199 \u0631\u064a\u0627\u0644 \u0641\u0642\u0637!<\/span><\/strong><span style=\"color: #008000;\"> \u0627\u0633\u062a\u063a\u0644 \u0627\u0644\u0641\u0631\u0635\u0629 \u0627\u0644\u0622\u0646 \u0642\u0628\u0644 \u0627\u0646\u062a\u0647\u0627\u0621 \u0627\u0644\u0643\u0645\u064a\u0629!<\/span><\/span><\/h5>\n<hr data-start=\"1616\" data-end=\"1619\" \/>\n<h2 data-start=\"1621\" data-end=\"1652\"><span style=\"color: #ff0000;\">\ud83d\ude9a <strong data-start=\"1627\" data-end=\"1652\">\u0637\u0631\u064a\u0642\u0629 \u0627\u0644\u0637\u0644\u0628 \u0648\u0627\u0644\u062a\u0648\u0635\u064a\u0644:<\/strong><\/span><\/h2>\n<ol data-start=\"1654\" data-end=\"1755\">\n<li data-start=\"1654\" data-end=\"1687\"><strong data-start=\"1657\" data-end=\"1685\">\u0627\u0636\u063a\u0637 \u0639\u0644\u0649 \u0632\u0631 &#8220;\u0627\u0636\u0627\u0641\u0629 \u0627\u0644\u0649 \u0627\u0644\u0633\u0644\u0629 \u0641\u064a \u0627\u0644\u0627\u0639\u0644\u0649 &#8220;.<\/strong><\/li>\n<li data-start=\"1688\" data-end=\"1718\"><strong data-start=\"1691\" data-end=\"1716\">\u0627\u0645\u0644\u0623 \u0628\u064a\u0627\u0646\u0627\u062a\u0643.<\/strong><\/li>\n<li data-start=\"1719\" data-end=\"1755\"><strong data-start=\"1722\" data-end=\"1753\">\u0627\u0633\u062a\u0644\u0645 \u0637\u0644\u0628\u0643 \u062e\u0644\u0627\u0644 \u0623\u064a\u0627\u0645 \u0642\u0644\u064a\u0644\u0629!<\/strong><\/li>\n<\/ol>\n<h3 data-start=\"1757\" data-end=\"1815\">\u2705 \u0627\u0644\u062f\u0641\u0639 \u0639\u0646\u062f \u0627\u0644\u0627\u0633\u062a\u0644\u0627\u0645 \u2013 \ud83d\ude80 \u062a\u0648\u0635\u064a\u0644 \u0633\u0631\u064a\u0639 \u0644\u0643\u0644 \u0645\u062f\u0646 \u0627\u0644\u0645\u0645\u0644\u0643\u0629<\/h3>\n<hr data-start=\"1817\" data-end=\"1820\" \/>\n<h2 data-start=\"1822\" data-end=\"1863\">\u26a1 <strong data-start=\"1827\" data-end=\"1861\">\u0644\u0627 \u062a\u0641\u0648\u062a \u0627\u0644\u0641\u0631\u0635\u0629! \u0627\u0644\u0643\u0645\u064a\u0629 \u0645\u062d\u062f\u0648\u062f\u0629!<\/strong><\/h2>\n<h3 data-start=\"1865\" data-end=\"1927\">\ud83c\udf1f <strong data-start=\"1872\" data-end=\"1927\">\u0627\u0637\u0644\u0628 \u0627\u0644\u0622\u0646 \u0628\u0640 199 \u0631\u064a\u0627\u0644 \u0641\u0642\u0637 \u0648\u0627\u062d\u0635\u0644 \u0639\u0644\u0649 3 \u0643\u0634\u0627\u0641\u0627\u062a \u0631\u0627\u0626\u0639\u0629!<\/strong><\/h3>\n<p>&nbsp;<\/p>\n<p>&nbsp;<\/p>\n<p>&nbsp;<\/p>\n<h3><strong><img decoding=\"async\" class=\"emoji\" role=\"img\" draggable=\"false\" src=\"https:\/\/s.w.org\/images\/core\/emoji\/15.0.3\/svg\/26a0.svg\" alt=\"\u26a0\ufe0f\" \/>\u00a0\u0645\u0644\u0627\u062d\u0638\u0627\u062a \u0647\u0627\u0645\u0629 :<\/strong><\/h3>\n<ol>\n<li><strong><img decoding=\"async\" class=\"emoji\" role=\"img\" draggable=\"false\" src=\"https:\/\/s.w.org\/images\/core\/emoji\/15.0.3\/svg\/1f4b3.svg\" alt=\"\ud83d\udcb3\" \/>\u00a0\u0627\u0644\u062f\u0641\u0639 \u0639\u0646\u062f \u0627\u0644\u0627\u0633\u062a\u0644\u0627\u0645<\/strong>: \u0631\u0627\u062d\u062a\u0643 \u0623\u0648\u0644\u0648\u064a\u062a\u0646\u0627\u060c \u064a\u0645\u0643\u0646\u0643 \u0627\u0644\u062f\u0641\u0639 \u0628\u0643\u0644 \u0633\u0647\u0648\u0644\u0629 \u0639\u0646\u062f \u0627\u0633\u062a\u0644\u0627\u0645 \u0627\u0644\u062c\u0647\u0627\u0632.<\/li>\n<li><strong><img decoding=\"async\" class=\"emoji\" role=\"img\" draggable=\"false\" src=\"https:\/\/s.w.org\/images\/core\/emoji\/15.0.3\/svg\/1f4de.svg\" alt=\"\ud83d\udcde\" \/>\u00a0\u062e\u062f\u0645\u0629 \u0627\u0644\u0639\u0645\u0644\u0627\u0621 \u0633\u062a\u062a\u0648\u0627\u0635\u0644 \u0645\u0639\u0643<\/strong>: \u0628\u0639\u062f \u0625\u062a\u0645\u0627\u0645 \u0627\u0644\u0637\u0644\u0628\u060c \u0633\u064a\u062a\u0635\u0644 \u0628\u0643 \u0641\u0631\u064a\u0642 \u062e\u062f\u0645\u0629 \u0627\u0644\u0639\u0645\u0644\u0627\u0621 \u0644\u062a\u0623\u0643\u064a\u062f \u0627\u0644\u062a\u0641\u0627\u0635\u064a\u0644 \u0648\u0636\u0645\u0627\u0646 \u062a\u062c\u0631\u0628\u0629 \u0634\u0631\u0627\u0621 \u0633\u0644\u0633\u0629. \u0644\u0630\u0627\u060c\u00a0<strong>\u0646\u0631\u062c\u0648 \u0627\u0644\u0631\u062f \u0639\u0644\u0649 \u0627\u0644\u0645\u0643\u0627\u0644\u0645\u0629 \u0644\u0636\u0645\u0627\u0646 \u062a\u0648\u0635\u064a\u0644 \u0637\u0644\u0628\u0643 \u0641\u064a \u0623\u0633\u0631\u0639 \u0648\u0642\u062a!<\/strong><\/li>\n<li><strong><img decoding=\"async\" class=\"emoji\" role=\"img\" draggable=\"false\" src=\"https:\/\/s.w.org\/images\/core\/emoji\/15.0.3\/svg\/1f69a.svg\" alt=\"\ud83d\ude9a\" \/>\u00a0\u0627\u0644\u062a\u0648\u0635\u064a\u0644 \u0645\u062c\u0627\u0646\u064a \u062a\u0645\u0627\u0645\u064b\u0627<\/strong>: \u0627\u0633\u062a\u0645\u062a\u0639 \u0628\u062e\u062f\u0645\u0629 \u062a\u0648\u0635\u064a\u0644 \u0645\u062c\u0627\u0646\u064a\u0629 \u0644\u062c\u0645\u064a\u0639 \u0645\u0646\u0627\u0637\u0642 \u0627\u0644\u0645\u0645\u0644\u0643\u0629 \u2013 \u0644\u0627 \u062a\u0648\u062c\u062f \u0623\u064a \u0631\u0633\u0648\u0645 \u0625\u0636\u0627\u0641\u064a\u0629.<\/li>\n<li><strong><img decoding=\"async\" class=\"emoji\" role=\"img\" draggable=\"false\" src=\"https:\/\/s.w.org\/images\/core\/emoji\/15.0.3\/svg\/1f3af.svg\" alt=\"\ud83c\udfaf\" \/>\u00a0\u0627\u0644\u0639\u0631\u0636 \u0644\u0641\u062a\u0631\u0629 \u0645\u062d\u062f\u0648\u062f\u0629 \u0641\u0642\u0637<\/strong>: \u0627\u063a\u062a\u0646\u0645 \u0627\u0644\u0641\u0631\u0635\u0629 \u0648\u0627\u062d\u0635\u0644 \u0639\u0644\u0649 \u0647\u0630\u0627 \u0627\u0644\u062c\u0647\u0627\u0632 \u0627\u0644\u0645\u0645\u064a\u0632 \u0627\u0644\u0622\u0646 \u0642\u0628\u0644 \u0646\u0641\u0627\u062f \u0627\u0644\u0643\u0645\u064a\u0629!<\/li>\n<li><strong><img decoding=\"async\" class=\"emoji\" role=\"img\" draggable=\"false\" src=\"https:\/\/s.w.org\/images\/core\/emoji\/15.0.3\/svg\/1f4bc.svg\" alt=\"\ud83d\udcbc\" \/>\u00a0\u0636\u0645\u0627\u0646 \u062c\u0648\u062f\u0629 \u0627\u0644\u0645\u0646\u062a\u062c<\/strong>: \u0625\u0630\u0627 \u0648\u0627\u062c\u0647\u062a\u0643 \u0623\u064a \u0645\u0634\u0643\u0644\u0629\u060c \u0641\u0631\u064a\u0642\u0646\u0627 \u062c\u0627\u0647\u0632 \u0644\u062e\u062f\u0645\u062a\u0643 \u0645\u0639 \u0633\u064a\u0627\u0633\u0629 \u0627\u0633\u062a\u0631\u062c\u0627\u0639 \u0648\u0627\u0633\u062a\u0628\u062f\u0627\u0644 \u0645\u0631\u064a\u062d\u0629<\/li>\n<\/ol>\n","protected":false},"excerpt":{"rendered":"<div class=\"flex max-w-full flex-col flex-grow\">\n<div class=\"min-h-8 text-message flex w-full flex-col items-end gap-2 whitespace-normal break-words text-start [.text-message+&amp;]:mt-5\" dir=\"auto\" data-message-author-role=\"assistant\" data-message-id=\"5ed4427a-bb59-4533-8df6-72d9d7325425\" data-message-model-slug=\"gpt-4o\">\n<div class=\"flex w-full flex-col gap-1 empty:hidden first:pt-[3px]\">\n<div class=\"markdown prose w-full break-words dark:prose-invert light\">\n<p data-start=\"0\" data-end=\"36\" data-is-last-node=\"\"><span style=\"color: #ff0000;\"><strong data-start=\"0\" data-end=\"36\" data-is-last-node=\"\">\u00a0\u0648\u0641\u0631 \u0623\u0643\u062b\u0631 \u0645\u0646 25% \u0627\u0644\u0622\u0646 \u2013 \u0627\u0644\u0643\u0645\u064a\u0629 \u0645\u062d\u062f\u0648\u062f\u0629\u00a0<\/strong><\/span><\/p>\n<\/div>\n<\/div>\n<\/div>\n<\/div>\n","protected":false},"featured_media":8653,"template":"","meta":{"site-sidebar-layout":"default","site-content-layout":"","ast-site-content-layout":"default","site-content-style":"default","site-sidebar-style":"default","ast-global-header-display":"","ast-banner-title-visibility":"","ast-main-header-display":"","ast-hfb-above-header-display":"","ast-hfb-below-header-display":"","ast-hfb-mobile-header-display":"","site-post-title":"","ast-breadcrumbs-content":"","ast-featured-img":"","footer-sml-layout":"","ast-disable-related-posts":"","theme-transparent-header-meta":"default","adv-header-id-meta":"","stick-header-meta":"","header-above-stick-meta":"","header-main-stick-meta":"","header-below-stick-meta":"","astra-migrate-meta-layouts":"set","ast-page-background-enabled":"default","ast-page-background-meta":{"desktop":{"background-color":"","background-image":"","background-repeat":"repeat","background-position":"center center","background-size":"auto","background-attachment":"scroll","background-type":"","background-media":"","overlay-type":"","overlay-color":"","overlay-opacity":"","overlay-gradient":""},"tablet":{"background-color":"","background-image":"","background-repeat":"repeat","background-position":"center center","background-size":"auto","background-attachment":"scroll","background-type":"","background-media":"","overlay-type":"","overlay-color":"","overlay-opacity":"","overlay-gradient":""},"mobile":{"background-color":"","background-image":"","background-repeat":"repeat","background-position":"center center","background-size":"auto","background-attachment":"scroll","background-type":"","background-media":"","overlay-type":"","overlay-color":"","overlay-opacity":"","overlay-gradient":""}},"ast-content-background-meta":{"desktop":{"background-color":"var(--ast-global-color-5)","background-image":"","background-repeat":"repeat","background-position":"center center","background-size":"auto","background-attachment":"scroll","background-type":"","background-media":"","overlay-type":"","overlay-color":"","overlay-opacity":"","overlay-gradient":""},"tablet":{"background-color":"var(--ast-global-color-5)","background-image":"","background-repeat":"repeat","background-position":"center center","background-size":"auto","background-attachment":"scroll","background-type":"","background-media":"","overlay-type":"","overlay-color":"","overlay-opacity":"","overlay-gradient":""},"mobile":{"background-color":"var(--ast-global-color-5)","background-image":"","background-repeat":"repeat","background-position":"center center","background-size":"auto","background-attachment":"scroll","background-type":"","background-media":"","overlay-type":"","overlay-color":"","overlay-opacity":"","overlay-gradient":""}}},"product_brand":[],"product_cat":[57],"product_tag":[],"class_list":{"0":"post-8652","1":"product","2":"type-product","3":"status-publish","4":"has-post-thumbnail","6":"product_cat-57","7":"desktop-align-left","8":"tablet-align-left","9":"mobile-align-left","11":"first","12":"instock","13":"sale","14":"shipping-taxable","15":"purchasable","16":"product-type-simple"},"_links":{"self":[{"href":"https:\/\/altaswq.com\/index.php?rest_route=\/wp\/v2\/product\/8652","targetHints":{"allow":["GET"]}}],"collection":[{"href":"https:\/\/altaswq.com\/index.php?rest_route=\/wp\/v2\/product"}],"about":[{"href":"https:\/\/altaswq.com\/index.php?rest_route=\/wp\/v2\/types\/product"}],"version-history":[{"count":4,"href":"https:\/\/altaswq.com\/index.php?rest_route=\/wp\/v2\/product\/8652\/revisions"}],"predecessor-version":[{"id":8662,"href":"https:\/\/altaswq.com\/index.php?rest_route=\/wp\/v2\/product\/8652\/revisions\/8662"}],"wp:featuredmedia":[{"embeddable":true,"href":"https:\/\/altaswq.com\/index.php?rest_route=\/wp\/v2\/media\/8653"}],"wp:attachment":[{"href":"https:\/\/altaswq.com\/index.php?rest_route=%2Fwp%2Fv2%2Fmedia&parent=8652"}],"wp:term":[{"taxonomy":"product_brand","embeddable":true,"href":"https:\/\/altaswq.com\/index.php?rest_route=%2Fwp%2Fv2%2Fproduct_brand&post=8652"},{"taxonomy":"product_cat","embeddable":true,"href":"https:\/\/altaswq.com\/index.php?rest_route=%2Fwp%2Fv2%2Fproduct_cat&post=8652"},{"taxonomy":"product_tag","embeddable":true,"href":"https:\/\/altaswq.com\/index.php?rest_route=%2Fwp%2Fv2%2Fproduct_tag&post=8652"}],"curies":[{"name":"wp","href":"https:\/\/api.w.org\/{rel}","templated":true}]}}