{"id":8617,"date":"2025-02-10T22:36:08","date_gmt":"2025-02-10T22:36:08","guid":{"rendered":"https:\/\/altaswq.com\/?post_type=product&#038;p=8617"},"modified":"2025-02-11T00:16:25","modified_gmt":"2025-02-11T00:16:25","slug":"%d9%85%d8%a7%d9%83%d9%8a%d9%86%d8%a9-%d8%b5%d9%86%d8%b9-%d8%a7%d9%84%d9%83%d8%b1%d9%8a%d8%a8-%d8%a7%d9%84%d9%83%d9%87%d8%b1%d8%a8%d8%a7%d8%a6%d9%8a%d8%a9-550-%d9%88%d8%a7%d8%b7-%d8%a8%d8%b6","status":"publish","type":"product","link":"https:\/\/altaswq.com\/?product=%d9%85%d8%a7%d9%83%d9%8a%d9%86%d8%a9-%d8%b5%d9%86%d8%b9-%d8%a7%d9%84%d9%83%d8%b1%d9%8a%d8%a8-%d8%a7%d9%84%d9%83%d9%87%d8%b1%d8%a8%d8%a7%d8%a6%d9%8a%d8%a9-550-%d9%88%d8%a7%d8%b7-%d8%a8%d8%b6","title":{"rendered":"\u0645\u0627\u0643\u064a\u0646\u0629 \u0635\u0646\u0639 \u0627\u0644\u0643\u0631\u064a\u0628 \u0627\u0644\u0643\u0647\u0631\u0628\u0627\u0626\u064a\u0629 550 \u0648\u0627\u0637 \u0628\u0636\u0645\u0627\u0646 \u0639\u0627\u0645\u064a\u0646"},"content":{"rendered":"<h4>\u00a0 \u00a0 \u00a0. \u0647\u0644 \u062a\u0639\u0627\u0646\u064a \u0645\u0646 \u062a\u062d\u0636\u064a\u0631 \u0643\u0631\u064a\u0628 \u063a\u064a\u0631 \u0645\u062a\u0633\u0627\u0648\u064a\u061f<\/h4>\n<ul>\n<li>\n<h4>\u062a\u0648\u0627\u062c\u0647 \u0645\u0634\u0643\u0644\u0629 \u0627\u0644\u062a\u0635\u0627\u0642 \u0627\u0644\u0639\u062c\u064a\u0646 \u0639\u0644\u0649 \u0627\u0644\u0623\u0633\u0637\u062d \u063a\u064a\u0631 \u0627\u0644\u0645\u0627\u0646\u0639\u0629 \u0644\u0644\u0627\u0644\u062a\u0635\u0627\u0642\u061f<\/h4>\n<\/li>\n<li>\n<h4>\u062a\u062c\u062f \u0635\u0639\u0648\u0628\u0629 \u0641\u064a \u062a\u0646\u0638\u064a\u0641 \u0627\u0644\u0623\u062c\u0647\u0632\u0629 \u0628\u0639\u062f \u0627\u0644\u0627\u0633\u062a\u062e\u062f\u0627\u0645\u061f<\/h4>\n<\/li>\n<li>\n<h4>\u062a\u062a\u0639\u0631\u0636 \u0644\u0627\u0646\u062a\u0634\u0627\u0631 \u0627\u0644\u062f\u062e\u0627\u0646 \u0648\u0631\u0627\u0626\u062d\u0629 \u0627\u0644\u0632\u064a\u0648\u062a \u0627\u0644\u0645\u0632\u0639\u062c\u0629 \u0623\u062b\u0646\u0627\u0621 \u0627\u0644\u0637\u0647\u064a\u061f<\/h4>\n<\/li>\n<\/ul>\n<h4><span style=\"color: #008000;\"><strong>\u0645\u0627\u0643\u064a\u0646\u0629 \u0635\u0646\u0639 \u0627\u0644\u0643\u0631\u064a\u0628 \u0627\u0644\u0643\u0647\u0631\u0628\u0627\u0626\u064a\u0629<\/strong> \u062c\u0627\u0621\u062a \u0644\u062a\u0636\u0639 \u062d\u062f\u0627\u064b \u0644\u0647\u0630\u0647 \u0627\u0644\u0645\u0634\u0643\u0644\u0627\u062a\u060c \u0644\u062a\u0648\u0641\u0631 \u0644\u0643 \u062a\u062c\u0631\u0628\u0629 \u0637\u0628\u062e \u0645\u062a\u0643\u0627\u0645\u0644\u0629 \u0648\u0633\u0647\u0644\u0629 \u062a\u0636\u0645\u0646 \u0646\u062a\u0627\u0626\u062c \u0645\u062b\u0627\u0644\u064a\u0629 \u0641\u064a \u0643\u0644 \u0645\u0631\u0629.<\/span><\/h4>\n<p><img decoding=\"async\" class=\"aligncenter\" src=\"https:\/\/www.cdiscount.com\/pdt2\/0\/5\/7\/3\/700x700\/tec5295896723057\/rw\/td-r-poele-electrique-avec-couvercle-multifonctio.jpg\" alt=\"TD\u00ae Cr\u00eapi\u00e8re \u00c9lectrique 800 W Machine \u00e0 Cr\u00eapes multifonction paella pizza portable maison - Cdiscount Electrom\u00e9nager\" \/><\/p>\n<hr \/>\n<h3><span style=\"color: #ff0000;\">\u00a0\u0645\u0645\u064a\u0632\u0627\u062a \u0627\u0644\u0645\u0646\u062a\u062c :<\/span><\/h3>\n<ul>\n<li>\n<h3><span style=\"color: #000080;\"><strong>\u062a\u0633\u062e\u064a\u0646 \u0645\u062a\u0633\u0627\u0648\u064a:<\/strong><\/span> \u064a\u0636\u0645\u0646 \u0644\u0643 \u0628\u0627\u0646 \u0643\u064a\u0643 \u0648\u0643\u0631\u064a\u0628 \u0645\u0633\u062a\u0648\u064a \u0645\u0646 \u0643\u0644 \u0627\u0644\u062c\u0647\u0627\u062a.<\/h3>\n<\/li>\n<li>\n<h3><span style=\"color: #000080;\"><strong>\u0633\u0637\u062d \u063a\u064a\u0631 \u0644\u0627\u0635\u0642:<\/strong><\/span> \u064a\u062a\u064a\u062d \u0644\u0643 \u0637\u0628\u062e \u0627\u0644\u0639\u062c\u064a\u0646 \u062f\u0648\u0646 \u0623\u064a \u0627\u0644\u062a\u0632\u0627\u0645.<\/h3>\n<\/li>\n<li>\n<h3><span style=\"color: #000080;\"><strong>\u062a\u0635\u0645\u064a\u0645 \u062e\u0641\u064a\u0641 \u0648\u0633\u0647\u0644 \u0627\u0644\u0627\u0633\u062a\u062e\u062f\u0627\u0645:<\/strong><\/span> \u0645\u0646\u0627\u0633\u0628 \u0644\u0644\u062c\u0645\u064a\u0639 \u062d\u062a\u0649 \u0644\u0644\u0645\u0628\u062a\u062f\u0626\u064a\u0646.<\/h3>\n<\/li>\n<li>\n<h3><span style=\"color: #000080;\"><strong>\u0642\u0648\u0629 550 \u0648\u0627\u0637:<\/strong><\/span> \u062a\u0633\u062e\u0646 \u0628\u0633\u0631\u0639\u0629 \u0648\u062a\u062c\u0647\u0632 \u0627\u0644\u0643\u0631\u064a\u0628 \u0641\u064a \u0648\u0642\u062a \u0642\u064a\u0627\u0633\u064a.<\/h3>\n<\/li>\n<li>\n<h3><strong>\u0628\u062f\u0648\u0646 \u062f\u062e\u0627\u0646 \u0623\u0648 \u0631\u0627\u0626\u062d\u0629 \u0632\u064a\u0648\u062a \u0645\u0632\u0639\u062c\u0629.<\/strong><\/h3>\n<\/li>\n<li>\n<h3><span style=\"color: #000080;\"><strong>\u0645\u0642\u0628\u0636 \u0645\u0639\u0632\u0648\u0644:<\/strong> <\/span>\u064a\u062d\u0645\u064a \u064a\u062f\u0643 \u0645\u0646 \u0627\u0644\u062d\u0631\u0627\u0631\u0629 \u0623\u062b\u0646\u0627\u0621 \u0627\u0644\u0627\u0633\u062a\u062e\u062f\u0627\u0645.<\/h3>\n<\/li>\n<li>\n<h3><span style=\"color: #000080;\"><strong>\u0645\u062a\u0639\u062f\u062f\u0629 \u0627\u0644\u0627\u0633\u062a\u062e\u062f\u0627\u0645\u0627\u062a:<\/strong><\/span> \u062a\u0642\u062f\u0631 \u062a\u0633\u0648\u064a \u0628\u0627\u0646 \u0643\u064a\u0643\u060c \u0643\u0631\u064a\u0628\u060c \u0634\u0627\u0628\u0627\u062a\u064a\u060c \u062a\u0648\u0631\u062a\u064a\u0644\u0627 \u0648\u0627\u0644\u0645\u0632\u064a\u062f.<\/h3>\n<\/li>\n<li>\n<h3><span style=\"color: #000080;\"><strong>\u062a\u0646\u0638\u064a\u0641 \u0633\u0631\u064a\u0639:<\/strong> <\/span>\u0645\u062c\u0631\u062f \u0645\u0633\u062d\u0647\u0627 \u0628\u0642\u0637\u0639\u0629 \u0642\u0645\u0627\u0634 \u0645\u0628\u0644\u0644\u0629 \u0644\u062a\u0643\u0648\u0646 \u062c\u0627\u0647\u0632\u0629 \u062f\u0648\u0645\u064b\u0627.<\/h3>\n<\/li>\n<li>\n<h3><span style=\"color: #000080;\"><strong>\u062d\u062c\u0645 \u0645\u0646\u0627\u0633\u0628:<\/strong><\/span> \u0644\u0627 \u062a\u0623\u062e\u0630 \u0645\u0633\u0627\u062d\u0629 \u0643\u0628\u064a\u0631\u0629 \u0641\u064a \u0645\u0637\u0628\u062e\u0643.<\/h3>\n<\/li>\n<\/ul>\n<p><img decoding=\"async\" class=\"aligncenter\" src=\"https:\/\/img.fruugo.com\/product\/3\/34\/446953343_max.jpg\" alt=\"Cr\u00eapi\u00e8re \u00e9lectrique antiadh\u00e9sive 220V Maison Po\u00eale \u00e0 cr\u00eapes \u00e9lectrique Plaque de cuisson portable Baker Cr\u00eape\/cr\u00eaperie | Fruugo FR\" \/><\/p>\n<h3><span style=\"color: #ff0000;\">\u0643\u064a\u0641\u064a\u0629 \u0627\u0644\u0627\u0633\u062a\u062e\u062f\u0627\u0645 :\u00a0<\/span><\/h3>\n<h3 class=\"productHowToUse ng-star-inserted\">&#8211; \u0634\u0628\u0643 \u0627\u0644\u062c\u0647\u0627\u0632 \u0628\u0627\u0644\u0643\u0647\u0631\u0628\u0627\u0621 \u0648\u062e\u0644\u064a\u0647 \u064a\u0633\u062e\u0646 \u0634\u0648\u064a.<\/h3>\n<h3 class=\"productHowToUse ng-star-inserted\">&#8211; \u062d\u0637 \u0627\u0644\u062e\u0644\u064a\u0637 \u0641\u064a \u0627\u0644\u0648\u0639\u0627\u0621 \u0648\u0627\u063a\u0645\u0633 \u0633\u0637\u062d \u0627\u0644\u0645\u0627\u0643\u064a\u0646\u0629 \u0641\u064a\u0647.<\/h3>\n<h3 class=\"productHowToUse ng-star-inserted\">&#8211; \u0627\u0646\u062a\u0638\u0631 \u062b\u0648\u0627\u0646\u064a \u0644\u064a\u0646 \u064a\u0628\u062f\u0623 \u0627\u0644\u0639\u062c\u064a\u0646 \u064a\u062a\u0645\u0627\u0633\u0643\u060c \u062b\u0645 \u0627\u0631\u0641\u0639 \u0627\u0644\u0645\u0627\u0643\u064a\u0646\u0629.<\/h3>\n<h3 class=\"productHowToUse ng-star-inserted\">&#8211; \u0627\u0642\u0644\u0628 \u0627\u0644\u0643\u0631\u064a\u0628 \u0623\u0648 \u0627\u0644\u0628\u0627\u0646 \u0643\u064a\u0643 \u0639\u0644\u0649 \u0635\u062d\u0646 \u0627\u0644\u062a\u0642\u062f\u064a\u0645 \u0648\u0627\u0633\u062a\u0645\u062a\u0639.<\/h3>\n<h3 class=\"productHowToUse ng-star-inserted\">&#8211; \u0628\u0639\u062f \u0627\u0644\u0627\u0633\u062a\u062e\u062f\u0627\u0645\u060c \u0627\u0645\u0633\u062d \u0627\u0644\u0633\u0637\u062d \u0628\u0642\u0637\u0639\u0629 \u0642\u0645\u0627\u0634 \u0645\u0628\u0644\u0644\u0629 \u0648\u062e\u0644\u064a\u0647 \u064a\u062c\u0641 \u0642\u0628\u0644 \u0627\u0644\u062a\u062e\u0632\u064a\u0646.<\/h3>\n<p>&nbsp;<\/p>\n<p><img decoding=\"async\" src=\"https:\/\/m.media-amazon.com\/images\/I\/61zt89xEovL._AC_UF1000,1000_QL80_.jpg\" alt=\"Cr\u00eapi\u00e8re \u00e9lectrique portable, 110 V, rev\u00eatement antiadh\u00e9sif, contr\u00f4le automatique de la temp\u00e9rature pour cr\u00eapes, cr\u00eapes, bacon, tortilla : Amazon.ca: Maison\" \/><\/p>\n<hr \/>\n<h3><span style=\"color: #ff0000;\">\ud83c\udf19 \u0639\u0631\u0648\u0636 \u0631\u0645\u0636\u0627\u0646 \u0627\u0644\u0645\u0645\u064a\u0632\u0629<\/span><\/h3>\n<h5><span style=\"color: #008000;\">\u0628\u0645\u0646\u0627\u0633\u0628\u0629 \u0634\u0647\u0631 \u0631\u0645\u0636\u0627\u0646 \u0627\u0644\u0645\u0628\u0627\u0631\u0643\u060c \u0627\u0633\u062a\u0645\u062a\u0639 \u0628\u062e\u0635\u0648\u0645\u0627\u062a \u062d\u0635\u0631\u064a\u0629 \u0639\u0644\u0649 \u0645\u0627\u0643\u064a\u0646\u0629 \u0635\u0646\u0639 \u0627\u0644\u0643\u0631\u064a\u0628 \u0627\u0644\u0643\u0647\u0631\u0628\u0627\u0626\u064a\u0629!<\/span><br \/>\n<span style=\"color: #008000;\">\u0627\u063a\u062a\u0646\u0645 \u0627\u0644\u0641\u0631\u0635\u0629 \u0627\u0644\u0622\u0646 \u0644\u062a\u062d\u0635\u0644 \u0639\u0644\u0649 \u0647\u0630\u0627 \u0627\u0644\u0627\u0628\u062a\u0643\u0627\u0631 \u0628\u0633\u0639\u0631 \u0645\u062e\u0641\u0636 130 \u0631\u064a\u0627\u0644 \u0641\u0642\u0637 \u0628\u062f\u0644\u0627 \u0645\u0646 <del>188 \u0631\u064a\u0627\u0644 <\/del><\/span><span style=\"color: #008000;\">\u064a\u062c\u0639\u0644 \u0645\u0646 \u062a\u062c\u0631\u0628\u0629 \u0627\u0644\u0637\u0628\u062e \u0623\u0643\u062b\u0631 \u0645\u062a\u0639\u0629 \u0648\u0641\u0627\u0626\u062f\u0629.<\/span><br \/>\n<span style=\"color: #ff0000;\"><strong>\u0627\u0644\u0639\u0631\u0636 \u0633\u0627\u0631\u064a \u0644\u0641\u062a\u0631\u0629 \u0645\u062d\u062f\u0648\u062f\u0629 \u0641\u0644\u0627 \u062a\u062f\u0639 \u0627\u0644\u0641\u0631\u0635\u0629 \u062a\u0641\u0648\u062a\u0643!<\/strong><\/span><\/h5>\n<h3><\/h3>\n<h3><span style=\"color: #808000;\">\u0627\u062c\u0639\u0644 \u0645\u0646 \u0643\u0644 \u0635\u0628\u0627\u062d \u0644\u062d\u0638\u0629 \u062a\u0645\u064a\u0632 \u0645\u0639 \u0645\u0627\u0643\u064a\u0646\u0629 \u0635\u0646\u0639 \u0627\u0644\u0643\u0631\u064a\u0628 \u0627\u0644\u0643\u0647\u0631\u0628\u0627\u0626\u064a\u0629\u060c \u062d\u064a\u062b \u0627\u0644\u0646\u0643\u0647\u0629 \u0627\u0644\u0645\u062b\u0627\u0644\u064a\u0629 \u0648\u0627\u0644\u0646\u062a\u0627\u0626\u062c \u0627\u0644\u0645\u062a\u0642\u0646\u0629 \u062a\u0644\u062a\u0642\u064a\u0627\u0646 \u0644\u062a\u062c\u0631\u0628\u0629 \u0637\u0628\u062e \u0627\u0633\u062a\u062b\u0646\u0627\u0626\u064a\u0629.<\/span><br \/>\n<strong>\u0641\u0631\u0635\u062a\u0643 \u0627\u0644\u0622\u0646 \u0644\u062a\u062d\u062f\u064a\u062b \u0645\u0637\u0628\u062e\u0643 \u0648\u0627\u0633\u062a\u0642\u0628\u0627\u0644 \u0623\u064a\u0627\u0645 \u0645\u0644\u064a\u0626\u0629 \u0628\u0627\u0644\u0625\u0628\u062f\u0627\u0639 \u0648\u0627\u0644\u0633\u0647\u0648\u0644\u0629!<\/strong><\/h3>\n<hr \/>\n<h3><span style=\"color: #ff0000;\">\ud83d\uded2 \u0637\u0631\u064a\u0642\u0629 \u0627\u0644\u0637\u0644\u0628<\/span><\/h3>\n<h5><span style=\"color: #800080;\">\u0644\u0627 \u062a\u0646\u062a\u0638\u0631 \u0623\u0643\u062b\u0631! \u0644\u0637\u0644\u0628 \u0645\u0627\u0643\u064a\u0646\u0629 \u0635\u0646\u0639 \u0627\u0644\u0643\u0631\u064a\u0628 \u0627\u0644\u0643\u0647\u0631\u0628\u0627\u0626\u064a\u0629\u060c \u0642\u0645 \u0628\u0627\u0644\u0636\u063a\u0637 \u0639\u0644\u0649 \u0632\u0631 <strong>&#8220;\u0623\u0636\u0641 \u0625\u0644\u0649 \u0627\u0644\u0633\u0644\u0629&#8221;<\/strong> \u0648\u0627\u0633\u062a\u0645\u062a\u0639 \u0628\u062a\u062c\u0631\u0628\u0629 \u0627\u0644\u0634\u0631\u0627\u0621 \u0627\u0644\u0633\u0644\u0633\u0629 \u0648\u0627\u0644\u0639\u0631\u0648\u0636 \u0627\u0644\u0631\u0645\u0636\u0627\u0646\u064a\u0629 \u0627\u0644\u062d\u0635\u0631\u064a\u0629.<\/span><\/h5>\n<p>&nbsp;<\/p>\n<p>&nbsp;<\/p>\n<p>&nbsp;<\/p>\n<h3><strong><img decoding=\"async\" class=\"emoji\" role=\"img\" draggable=\"false\" src=\"https:\/\/s.w.org\/images\/core\/emoji\/15.0.3\/svg\/26a0.svg\" alt=\"\u26a0\ufe0f\" \/>\u00a0\u0645\u0644\u0627\u062d\u0638\u0627\u062a \u0647\u0627\u0645\u0629 :<\/strong><\/h3>\n<ol>\n<li><strong><img decoding=\"async\" class=\"emoji\" role=\"img\" draggable=\"false\" src=\"https:\/\/s.w.org\/images\/core\/emoji\/15.0.3\/svg\/1f4b3.svg\" alt=\"\ud83d\udcb3\" \/>\u00a0\u0627\u0644\u062f\u0641\u0639 \u0639\u0646\u062f \u0627\u0644\u0627\u0633\u062a\u0644\u0627\u0645<\/strong>: \u0631\u0627\u062d\u062a\u0643 \u0623\u0648\u0644\u0648\u064a\u062a\u0646\u0627\u060c \u064a\u0645\u0643\u0646\u0643 \u0627\u0644\u062f\u0641\u0639 \u0628\u0643\u0644 \u0633\u0647\u0648\u0644\u0629 \u0639\u0646\u062f \u0627\u0633\u062a\u0644\u0627\u0645 \u0627\u0644\u0645\u0646\u062a\u062c .<\/li>\n<li><strong><img decoding=\"async\" class=\"emoji\" role=\"img\" draggable=\"false\" src=\"https:\/\/s.w.org\/images\/core\/emoji\/15.0.3\/svg\/1f4de.svg\" alt=\"\ud83d\udcde\" \/>\u00a0\u062e\u062f\u0645\u0629 \u0627\u0644\u0639\u0645\u0644\u0627\u0621 \u0633\u062a\u062a\u0648\u0627\u0635\u0644 \u0645\u0639\u0643<\/strong>: \u0628\u0639\u062f \u0625\u062a\u0645\u0627\u0645 \u0627\u0644\u0637\u0644\u0628\u060c \u0633\u064a\u062a\u0635\u0644 \u0628\u0643 \u0641\u0631\u064a\u0642 \u062e\u062f\u0645\u0629 \u0627\u0644\u0639\u0645\u0644\u0627\u0621 \u0644\u062a\u0623\u0643\u064a\u062f \u0627\u0644\u062a\u0641\u0627\u0635\u064a\u0644 \u0648\u0636\u0645\u0627\u0646 \u062a\u062c\u0631\u0628\u0629 \u0634\u0631\u0627\u0621 \u0633\u0644\u0633\u0629. \u0644\u0630\u0627\u060c\u00a0<strong>\u0646\u0631\u062c\u0648 \u0627\u0644\u0631\u062f \u0639\u0644\u0649 \u0627\u0644\u0645\u0643\u0627\u0644\u0645\u0629 \u0644\u0636\u0645\u0627\u0646 \u062a\u0648\u0635\u064a\u0644 \u0637\u0644\u0628\u0643 \u0641\u064a \u0623\u0633\u0631\u0639 \u0648\u0642\u062a!<\/strong><\/li>\n<li><strong><img decoding=\"async\" class=\"emoji\" role=\"img\" draggable=\"false\" src=\"https:\/\/s.w.org\/images\/core\/emoji\/15.0.3\/svg\/1f69a.svg\" alt=\"\ud83d\ude9a\" \/>\u00a0\u0627\u0644\u062a\u0648\u0635\u064a\u0644 \u0645\u062c\u0627\u0646\u064a \u062a\u0645\u0627\u0645\u064b\u0627<\/strong>: \u0627\u0633\u062a\u0645\u062a\u0639 \u0628\u062e\u062f\u0645\u0629 \u062a\u0648\u0635\u064a\u0644 \u0645\u062c\u0627\u0646\u064a\u0629 \u0644\u062c\u0645\u064a\u0639 \u0645\u0646\u0627\u0637\u0642 \u0627\u0644\u0645\u0645\u0644\u0643\u0629 \u2013 \u0644\u0627 \u062a\u0648\u062c\u062f \u0623\u064a \u0631\u0633\u0648\u0645 \u0625\u0636\u0627\u0641\u064a\u0629.<\/li>\n<li><strong><img decoding=\"async\" class=\"emoji\" role=\"img\" draggable=\"false\" src=\"https:\/\/s.w.org\/images\/core\/emoji\/15.0.3\/svg\/1f3af.svg\" alt=\"\ud83c\udfaf\" \/>\u00a0\u0627\u0644\u0639\u0631\u0636 \u0644\u0641\u062a\u0631\u0629 \u0645\u062d\u062f\u0648\u062f\u0629 \u0641\u0642\u0637<\/strong>: \u0627\u063a\u062a\u0646\u0645 \u0627\u0644\u0641\u0631\u0635\u0629 \u0648\u0627\u062d\u0635\u0644 \u0639\u0644\u0649 \u0647\u0630\u0627 \u0627\u0644\u062c\u0647\u0627\u0632 \u0627\u0644\u0645\u0645\u064a\u0632 \u0627\u0644\u0622\u0646 \u0642\u0628\u0644 \u0646\u0641\u0627\u062f \u0627\u0644\u0643\u0645\u064a\u0629!<\/li>\n<li><strong><img decoding=\"async\" class=\"emoji\" role=\"img\" draggable=\"false\" src=\"https:\/\/s.w.org\/images\/core\/emoji\/15.0.3\/svg\/1f4bc.svg\" alt=\"\ud83d\udcbc\" \/>\u00a0\u0636\u0645\u0627\u0646 \u062c\u0648\u062f\u0629 \u0627\u0644\u0645\u0646\u062a\u062c<\/strong>: \u0625\u0630\u0627 \u0648\u0627\u062c\u0647\u062a\u0643 \u0623\u064a \u0645\u0634\u0643\u0644\u0629\u060c \u0641\u0631\u064a\u0642\u0646\u0627 \u062c\u0627\u0647\u0632 \u0644\u062e\u062f\u0645\u062a\u0643 \u0645\u0639 \u0633\u064a\u0627\u0633\u0629 \u0627\u0633\u062a\u0631\u062c\u0627\u0639 \u0648\u0627\u0633\u062a\u0628\u062f\u0627\u0644 \u0645\u0631\u064a\u062d\u0629.<\/li>\n<\/ol>\n","protected":false},"excerpt":{"rendered":"<p><span style=\"color: #ff0000;\"><strong><em>\u062e\u0635\u0645 \u0643\u0628\u064a\u0631 \u0628\u0645\u0646\u0627\u0633\u0628\u0629 \u0634\u0647\u0631 \u0631\u0645\u0636\u0627\u0646 \u0627\u0644\u0645\u0628\u0627\u0631\u0643<\/em> <span style=\"color: #000000;\">( \u0627\u0644\u0643\u0645\u064a\u0629 \u0645\u062d\u062f\u0648\u062f\u0629 ) !<\/span><\/strong><\/span><\/p>\n","protected":false},"featured_media":8618,"template":"","meta":{"site-sidebar-layout":"default","site-content-layout":"","ast-site-content-layout":"default","site-content-style":"default","site-sidebar-style":"default","ast-global-header-display":"","ast-banner-title-visibility":"","ast-main-header-display":"","ast-hfb-above-header-display":"","ast-hfb-below-header-display":"","ast-hfb-mobile-header-display":"","site-post-title":"","ast-breadcrumbs-content":"","ast-featured-img":"","footer-sml-layout":"","ast-disable-related-posts":"","theme-transparent-header-meta":"default","adv-header-id-meta":"","stick-header-meta":"","header-above-stick-meta":"","header-main-stick-meta":"","header-below-stick-meta":"","astra-migrate-meta-layouts":"set","ast-page-background-enabled":"default","ast-page-background-meta":{"desktop":{"background-color":"","background-image":"","background-repeat":"repeat","background-position":"center center","background-size":"auto","background-attachment":"scroll","background-type":"","background-media":"","overlay-type":"","overlay-color":"","overlay-opacity":"","overlay-gradient":""},"tablet":{"background-color":"","background-image":"","background-repeat":"repeat","background-position":"center center","background-size":"auto","background-attachment":"scroll","background-type":"","background-media":"","overlay-type":"","overlay-color":"","overlay-opacity":"","overlay-gradient":""},"mobile":{"background-color":"","background-image":"","background-repeat":"repeat","background-position":"center center","background-size":"auto","background-attachment":"scroll","background-type":"","background-media":"","overlay-type":"","overlay-color":"","overlay-opacity":"","overlay-gradient":""}},"ast-content-background-meta":{"desktop":{"background-color":"var(--ast-global-color-5)","background-image":"","background-repeat":"repeat","background-position":"center center","background-size":"auto","background-attachment":"scroll","background-type":"","background-media":"","overlay-type":"","overlay-color":"","overlay-opacity":"","overlay-gradient":""},"tablet":{"background-color":"var(--ast-global-color-5)","background-image":"","background-repeat":"repeat","background-position":"center center","background-size":"auto","background-attachment":"scroll","background-type":"","background-media":"","overlay-type":"","overlay-color":"","overlay-opacity":"","overlay-gradient":""},"mobile":{"background-color":"var(--ast-global-color-5)","background-image":"","background-repeat":"repeat","background-position":"center center","background-size":"auto","background-attachment":"scroll","background-type":"","background-media":"","overlay-type":"","overlay-color":"","overlay-opacity":"","overlay-gradient":""}}},"product_brand":[],"product_cat":[58],"product_tag":[],"class_list":{"0":"post-8617","1":"product","2":"type-product","3":"status-publish","4":"has-post-thumbnail","6":"product_cat-58","7":"desktop-align-left","8":"tablet-align-left","9":"mobile-align-left","11":"first","12":"instock","13":"sale","14":"shipping-taxable","15":"purchasable","16":"product-type-simple"},"_links":{"self":[{"href":"https:\/\/altaswq.com\/index.php?rest_route=\/wp\/v2\/product\/8617","targetHints":{"allow":["GET"]}}],"collection":[{"href":"https:\/\/altaswq.com\/index.php?rest_route=\/wp\/v2\/product"}],"about":[{"href":"https:\/\/altaswq.com\/index.php?rest_route=\/wp\/v2\/types\/product"}],"version-history":[{"count":5,"href":"https:\/\/altaswq.com\/index.php?rest_route=\/wp\/v2\/product\/8617\/revisions"}],"predecessor-version":[{"id":8630,"href":"https:\/\/altaswq.com\/index.php?rest_route=\/wp\/v2\/product\/8617\/revisions\/8630"}],"wp:featuredmedia":[{"embeddable":true,"href":"https:\/\/altaswq.com\/index.php?rest_route=\/wp\/v2\/media\/8618"}],"wp:attachment":[{"href":"https:\/\/altaswq.com\/index.php?rest_route=%2Fwp%2Fv2%2Fmedia&parent=8617"}],"wp:term":[{"taxonomy":"product_brand","embeddable":true,"href":"https:\/\/altaswq.com\/index.php?rest_route=%2Fwp%2Fv2%2Fproduct_brand&post=8617"},{"taxonomy":"product_cat","embeddable":true,"href":"https:\/\/altaswq.com\/index.php?rest_route=%2Fwp%2Fv2%2Fproduct_cat&post=8617"},{"taxonomy":"product_tag","embeddable":true,"href":"https:\/\/altaswq.com\/index.php?rest_route=%2Fwp%2Fv2%2Fproduct_tag&post=8617"}],"curies":[{"name":"wp","href":"https:\/\/api.w.org\/{rel}","templated":true}]}}