{"id":6261,"date":"2023-12-19T21:26:52","date_gmt":"2023-12-19T21:26:52","guid":{"rendered":"https:\/\/altaswq.com\/?post_type=product&#038;p=6261"},"modified":"2025-01-22T04:07:40","modified_gmt":"2025-01-22T04:07:40","slug":"%d8%ba%d8%a7%d8%b2-%d9%88%d8%af%d9%81%d8%a7%d9%8a%d8%a9-2-%d9%81%d9%8a-1","status":"publish","type":"product","link":"https:\/\/altaswq.com\/?product=%d8%ba%d8%a7%d8%b2-%d9%88%d8%af%d9%81%d8%a7%d9%8a%d8%a9-2-%d9%81%d9%8a-1","title":{"rendered":"\u0645\u0648\u0642\u062f \u063a\u0627\u0632 \u0648\u062f\u0641\u0627\u064a\u0629 2 \u0641\u064a 1"},"content":{"rendered":"<h3 data-pm-slice=\"1 1 []\"><span style=\"color: #008000;\">\u0645\u0648\u0642\u062f \u0627\u0644\u062a\u062e\u064a\u064a\u0645 \u0627\u0644\u0645\u062b\u0627\u0644\u064a \u0644\u0631\u062d\u0644\u0627\u062a\u0643 \u0641\u064a \u0627\u0644\u0633\u0639\u0648\u062f\u064a\u0629<\/span><\/h3>\n<h3><span style=\"color: #003366;\">\ud83c\udf1f \u0627\u062c\u0639\u0644 \u0631\u062d\u0644\u0627\u062a \u0627\u0644\u062a\u062e\u064a\u064a\u0645 \u0623\u0643\u062b\u0631 \u0631\u0627\u062d\u0629 \u0648\u0633\u0647\u0648\u0644\u0629 \u0645\u0639 \u0645\u0648\u0642\u062f \u0627\u0644\u062a\u062e\u064a\u064a\u0645 \u0627\u0644\u0639\u0635\u0631\u064a! \ud83c\udf33<\/span><\/h3>\n<h3><img decoding=\"async\" src=\"https:\/\/media01.ducatillon.be\/868074-large_default\/chauffage-a-gaz-portatif.jpg\" alt=\"Chauffage \u00e0 Gaz Portatif\" \/><\/h3>\n<h3><span style=\"color: #ff0000;\"><strong>\u2728 \u0644\u0645\u0627\u0630\u0627 \u062a\u062e\u062a\u0627\u0631 \u0647\u0630\u0627 \u0627\u0644\u0645\u0648\u0642\u062f\u061f<\/strong><\/span><\/h3>\n<ul data-spread=\"false\">\n<li>\n<h3><span style=\"color: #008000;\"><strong>\ud83d\udd12 \u0645\u0635\u0646\u0648\u0639 \u0628\u062c\u0648\u062f\u0629 \u0639\u0627\u0644\u064a\u0629:<\/strong><\/span><\/h3>\n<ul data-spread=\"false\">\n<li>\n<h3>\u0645\u0627\u062f\u0629 \u0645\u0642\u0627\u0648\u0645\u0629 \u0644\u062f\u0631\u062c\u0627\u062a \u0627\u0644\u062d\u0631\u0627\u0631\u0629 \u0627\u0644\u0639\u0627\u0644\u064a\u0629.<\/h3>\n<\/li>\n<li>\n<h3>\u0644\u0648\u062d \u0633\u064a\u0631\u0627\u0645\u064a\u0643 \u0645\u062a\u064a\u0646 \u0645\u0642\u0627\u0648\u0645 \u0644\u0644\u062a\u0622\u0643\u0644 \u064a\u062f\u0648\u0645 \u0637\u0648\u064a\u0644\u0627\u064b.<\/h3>\n<\/li>\n<\/ul>\n<\/li>\n<li>\n<h3><span style=\"color: #008000;\"><strong>\ud83c\udfa9 \u062a\u0635\u0645\u064a\u0645 \u0639\u0645\u0644\u064a \u0648\u0645\u062a\u0639\u062f\u062f \u0627\u0644\u0627\u0633\u062a\u062e\u062f\u0627\u0645\u0627\u062a:<\/strong><\/span><\/h3>\n<ul data-spread=\"false\">\n<li>\n<h3>\u0648\u0636\u0639 \u062f\u0627\u0641\u0626 \u0648\u0648\u0636\u0639 \u062a\u0633\u062e\u064a\u0646 \u0644\u062a\u0644\u0628\u064a\u0629 \u062c\u0645\u064a\u0639 \u0627\u062d\u062a\u064a\u0627\u062c\u0627\u062a\u0643.<\/h3>\n<\/li>\n<li>\n<h3>\u0645\u062b\u0627\u0644\u064a \u0644\u0644\u0637\u0647\u064a \u0623\u062b\u0646\u0627\u0621 \u0627\u0644\u062a\u062e\u064a\u064a\u0645 \u0648\u0627\u0644\u0645\u0634\u064a \u0644\u0645\u0633\u0627\u0641\u0627\u062a \u0637\u0648\u064a\u0644\u0629 \u0648\u0627\u0644\u0633\u0641\u0631.<\/h3>\n<\/li>\n<\/ul>\n<\/li>\n<li>\n<h3><span style=\"color: #008000;\"><strong>\u26a1 \u0641\u0639\u0627\u0644\u064a\u0629 \u0648\u0643\u0641\u0627\u0621\u0629:<\/strong><\/span><\/h3>\n<ul data-spread=\"false\">\n<li>\n<h3>\u0644\u0648\u062d\u0629 \u0645\u0648\u0642\u062f \u0639\u0627\u0644\u064a\u0629 \u0627\u0644\u0633\u0639\u0629 \u0644\u0627\u0645\u062a\u0635\u0627\u0635 \u0627\u0644\u062d\u0631\u0627\u0631\u0629 \u0628\u0634\u0643\u0644 \u0623\u0633\u0631\u0639.<\/h3>\n<\/li>\n<li>\n<h3>\u0637\u0627\u0642\u0629 \u0642\u0648\u064a\u0629 \u062a\u0635\u0644 \u0625\u0644\u0649 <strong>1.3 \u0643\u064a\u0644\u0648 \u0648\u0627\u0637<\/strong>\uff0c \u0645\u0645\u0627 \u064a\u0636\u0645\u0646 \u0623\u062f\u0627\u0621\u064b \u0631\u0627\u0626\u0639\u0627\u064b.<\/h3>\n<\/li>\n<\/ul>\n<\/li>\n<\/ul>\n<p><img decoding=\"async\" class=\"aligncenter\" src=\"https:\/\/www.mon-camping-car.com\/i-1720-0-product-chauffage-a-gaz-portable-a-cartouche-de-gaz-biwy.jpg\" alt=\"Chauffage \u00e0 Gaz portable a cartouche de gaz BIWY\" \/><\/p>\n<hr \/>\n<h3><span style=\"color: #ff0000;\"><strong>\u2728 \u062e\u0635\u0627\u0626\u0635 \u0645\u062f\u0647\u0634\u0629 \u062a\u062c\u0639\u0644 \u0627\u0644\u062d\u064a\u0627\u0629 \u0623\u0633\u0647\u0644:<\/strong><\/span><\/h3>\n<ul data-spread=\"false\">\n<li>\n<h3>\ud83d\udec3\u064f \u062e\u0641\u064a\u0641 \u0627\u0644\u0648\u0632\u0646 \u0648\u0633\u0647\u0644 \u0627\u0644\u062d\u0645\u0644\u060c \u0641\u0642\u0637 <strong>2.6 \u0643\u062c\u0645<\/strong>.<\/h3>\n<\/li>\n<li>\n<h3>\u2714 \u062d\u062c\u0645 \u0645\u062b\u0627\u0644\u064a \u064a\u0646\u0627\u0633\u0628 \u062c\u0645\u064a\u0639 \u0627\u0644\u0631\u062d\u0644\u0627\u062a: <strong>26.5X24X20 \u0633\u0645<\/strong>.<\/h3>\n<\/li>\n<li>\n<h3>\u26a1 \u0627\u0633\u062a\u0647\u0644\u0627\u0643 \u0627\u0642\u062a\u0635\u0627\u062f\u064a: <strong>100 \u062c\u0631\u0627\u0645\/\u0633\u0627\u0639\u0629<\/strong> \u0641\u0642\u0637.<\/h3>\n<\/li>\n<li>\n<h3>\u23f2 \u0645\u0642\u0628\u0636 \u0642\u0627\u0628\u0644 \u0644\u0644\u062f\u0648\u0631\u0627\u0646 \u0644\u062a\u0648\u0641\u064a\u0631 \u0627\u0644\u0631\u0627\u062d\u0629 \u0648\u0627\u0644\u0633\u0647\u0648\u0644\u0629 \u0623\u062b\u0646\u0627\u0621 \u0627\u0644\u0627\u0633\u062a\u062e\u062f\u0627\u0645.<\/h3>\n<\/li>\n<\/ul>\n<p>&nbsp;<\/p>\n<p><img decoding=\"async\" src=\"https:\/\/img.leboncoin.fr\/api\/v1\/lbcpb1\/images\/90\/27\/83\/902783d4440317b44658f6112ae9a8d6c1dfc9c0.jpg?rule=ad-large\" alt=\"Chauffage de camping portable \u00e0 gaz 1300 W, chauffage de terrasse portable, chauffage au gaz butane, chauffage \u00e0 gaz portable pour int\u00e9rieur et ext\u00e9rieur, voyage, camping, p\u00eache, caravane (noir) - \u00c9quipement caravaning\" \/><\/p>\n<h3><span style=\"color: #ff0000;\"><strong>\u0644\u0645\u0627\u0630\u0627 \u062a\u0642\u0648\u0645 \u0628\u0634\u0631\u0627\u0621 \u0647\u0630\u0627 \u0627\u0644\u0645\u0646\u062a\u062c\u00a0 \u063a\u0627\u0632 \u0648\u062f\u0641\u0627\u064a\u0629 2 \u0641\u064a 1\u061f<\/strong><\/span><\/h3>\n<ul>\n<li>\n<h3><span style=\"color: #808000;\"><strong>\u062a\u0648\u0641\u064a\u0631 \u0627\u0644\u0645\u0633\u0627\u062d\u0629<\/strong>:<\/span> \u064a\u062c\u0645\u0639 \u0628\u064a\u0646 \u063a\u0627\u0632 \u0627\u0644\u0637\u0647\u064a \u0648\u0627\u0644\u062f\u0641\u0627\u064a\u0629 \u0641\u064a \u062c\u0647\u0627\u0632 \u0648\u0627\u062d\u062f\u060c \u0645\u0645\u0627 \u064a\u0648\u0641\u0631 \u0627\u0644\u0645\u0633\u0627\u062d\u0629.<\/h3>\n<\/li>\n<li>\n<h3><span style=\"color: #808000;\"><strong>\u062a\u0639\u062f\u062f \u0627\u0644\u0627\u0633\u062a\u062e\u062f\u0627\u0645\u0627\u062a<\/strong>:<\/span> \u0645\u0646\u0627\u0633\u0628 \u0644\u0644\u0637\u0628\u062e \u0648\u0627\u0644\u062a\u062f\u0641\u0626\u0629 \u0641\u064a \u0645\u062e\u062a\u0644\u0641 \u0627\u0644\u0641\u0635\u0648\u0644.<\/h3>\n<\/li>\n<li>\n<h3><span style=\"color: #808000;\"><strong>\u0641\u0639\u0627\u0644\u064a\u0629 \u0648\u0643\u0641\u0627\u0621\u0629<\/strong>:<\/span> \u064a\u062c\u0645\u0639 \u0628\u064a\u0646 \u0648\u0638\u064a\u0641\u062a\u064a\u0646 \u0628\u0643\u0641\u0627\u0621\u0629 \u0639\u0627\u0644\u064a\u0629.<\/h3>\n<\/li>\n<li>\n<h3><span style=\"color: #808000;\"><strong>\u0633\u0647\u0648\u0644\u0629 \u0627\u0644\u0627\u0633\u062a\u062e\u062f\u0627\u0645<\/strong>:<\/span> \u062a\u0635\u0645\u064a\u0645 \u0633\u0647\u0644 \u0648\u0633\u0644\u0633 \u0645\u0639 \u0645\u064a\u0632\u0627\u062a \u0623\u0645\u0627\u0646.<\/h3>\n<\/li>\n<li>\n<h3><span style=\"color: #808000;\"><strong>\u062a\u0648\u0641\u064a\u0631 \u0627\u0644\u062a\u0643\u0627\u0644\u064a\u0641<\/strong>:<\/span> \u064a\u0648\u0641\u0631 \u062a\u0643\u0644\u0641\u0629 \u0634\u0631\u0627\u0621 \u062c\u0647\u0627\u0632\u064a\u0646 \u0645\u0646\u0641\u0635\u0644\u064a\u0646.<\/h3>\n<\/li>\n<li>\n<h3><span style=\"color: #808000;\"><strong>\u062c\u0648\u062f\u0629 \u0627\u0644\u062a\u0635\u0646\u064a\u0639<\/strong>:<\/span> \u064a\u062a\u0645\u064a\u0632 \u0628\u062c\u0648\u062f\u0629 \u0639\u0627\u0644\u064a\u0629 \u0648\u062a\u0635\u0627\u0645\u064a\u0645 \u0639\u0635\u0631\u064a\u0629.<\/h3>\n<\/li>\n<\/ul>\n<hr \/>\n<h3><span style=\"color: #ff0000;\"><strong>\ud83d\ude80 \u062c\u0627\u0647\u0632 \u0644\u0634\u0631\u0627\u0621 \u0623\u0641\u0636\u0644 \u0645\u0648\u0642\u062f \u062a\u062e\u064a\u064a\u0645\uff1f<\/strong><\/span><\/h3>\n<h3>\u2022 \u0645\u062b\u0627\u0644\u064a \u0644\u0643\u0644 \u0645\u063a\u0627\u0645\u0631 \u0633\u0639\u0648\u062f\u064a \u064a\u0628\u062d\u062b \u0639\u0646 \u0627\u0644\u0631\u0627\u062d\u0629 \u0648\u0627\u0644\u062c\u0648\u062f\u0629 \u0623\u062b\u0646\u0627\u0621 \u0627\u0633\u062a\u0643\u0634\u0627\u0641 \u0627\u0644\u0637\u0628\u064a\u0639\u0629. \u2022 \u0645\u0646\u0627\u0633\u0628 \u0644\u0644\u0631\u062d\u0644\u0627\u062a \u0627\u0644\u0639\u0627\u0626\u0644\u064a\u0629\uff0c \u0627\u0644\u0646\u0632\u0647\u0627\u062a\uff0c \u0648\u062d\u062a\u0649 \u0631\u062d\u0644\u0627\u062a \u0627\u0644\u0645\u0634\u064a \u0641\u064a \u0627\u0644\u0628\u0631.<\/h3>\n<h3><span style=\"color: #ff0000;\"><strong><img decoding=\"async\" class=\"emoji\" role=\"img\" draggable=\"false\" src=\"https:\/\/s.w.org\/images\/core\/emoji\/15.0.3\/svg\/1f525.svg\" alt=\"\ud83d\udd25\" \/> \u0627\u0644\u0639\u0631\u0636 \u0627\u0644\u062d\u0635\u0631\u064a \u0644\u0641\u062a\u0631\u0629 \u0645\u062d\u062f\u0648\u062f\u0629 :\u00a0<\/strong><\/span><\/h3>\n<h3>\u26a1 \u0627\u0637\u0644\u0628 \u0627\u0644\u0622\u0646 \u0628\u0633\u0639\u0631 235 \u0631\u064a\u0627\u0644 \u0628\u062f\u0644\u0627 <del>\u0645\u0646 390 \u0631\u064a\u0627<\/del>\u0644 \u0648\u0627\u0633\u062a\u0645\u062a\u0639 \u0628\u0631\u062d\u0644\u0627\u062a \u062a\u062e\u064a\u064a\u0645 \u0628\u0644\u0627 \u0645\u062a\u0627\u0639\u0628! \u26a1 \u062e\u062f\u0645\u0629 \u0634\u062d\u0646 \u0633\u0631\u064a\u0639\u0629 \u0641\u064a \u062c\u0645\u064a\u0639 \u0623\u0646\u062d\u0627\u0621 \u0627\u0644\u0645\u0645\u0644\u0643\u0629 \u0627\u0644\u0639\u0631\u0628\u064a\u0629 \u0627\u0644\u0633\u0639\u0648\u062f\u064a\u0629.<\/h3>\n<h3><strong>\u0644\u0627 \u062a\u0636\u064a\u0639 \u0627\u0644\u0641\u0631\u0635\u0629 \u2013 \u0627\u0645\u062a\u0644\u0643 \u0647\u0630\u0627 \u0627\u0644\u0645\u0646\u062a\u062c \u0627\u0644\u0622\u0646 \u0648\u0627\u0631\u062a\u0642\u0650 \u0628\u0631\u062d\u0644\u0627\u062a\u0643 \u0625\u0644\u0649 \u0645\u0633\u062a\u0648\u0649 \u062c\u062f\u064a\u062f!<\/strong><\/h3>\n<p>&nbsp;<\/p>\n<p>&nbsp;<\/p>\n<h3><span style=\"color: #ff0000;\">\u2705 <strong>\u0627\u0636\u063a\u0637 \u0639\u0644\u0649 \u0627\u0644\u0632\u0631 \u0641\u064a \u0627\u0644\u0627\u0639\u0644\u0649<span style=\"color: #008000;\"> \u0627\u0636\u0627\u0641\u0629 \u0627\u0644\u0649 \u0627\u0644\u0633\u0644\u0629<\/span> \u0644\u0637\u0644\u0628 \u0627\u0644\u0645\u0646\u062a\u062c \u0627\u0644\u0622\u0646!<\/strong><\/span><\/h3>\n<h3><\/h3>\n<p>&nbsp;<\/p>\n<h3><span style=\"color: #ff0000;\"><strong><img decoding=\"async\" class=\"emoji\" role=\"img\" draggable=\"false\" src=\"https:\/\/s.w.org\/images\/core\/emoji\/15.0.3\/svg\/26a0.svg\" alt=\"\u26a0\ufe0f\" \/>\u00a0\u0645\u0644\u0627\u062d\u0638\u0627\u062a \u0647\u0627\u0645\u0629 :<\/strong><\/span><\/h3>\n<ol>\n<li><strong><img decoding=\"async\" class=\"emoji\" role=\"img\" draggable=\"false\" src=\"https:\/\/s.w.org\/images\/core\/emoji\/15.0.3\/svg\/1f4b3.svg\" alt=\"\ud83d\udcb3\" \/>\u00a0\u0627\u0644\u062f\u0641\u0639 \u0639\u0646\u062f \u0627\u0644\u0627\u0633\u062a\u0644\u0627\u0645<\/strong>: \u0631\u0627\u062d\u062a\u0643 \u0623\u0648\u0644\u0648\u064a\u062a\u0646\u0627\u060c \u064a\u0645\u0643\u0646\u0643 \u0627\u0644\u062f\u0641\u0639 \u0628\u0643\u0644 \u0633\u0647\u0648\u0644\u0629 \u0639\u0646\u062f \u0627\u0633\u062a\u0644\u0627\u0645 \u0627\u0644\u062c\u0647\u0627\u0632.<\/li>\n<li><strong><img decoding=\"async\" class=\"emoji\" role=\"img\" draggable=\"false\" src=\"https:\/\/s.w.org\/images\/core\/emoji\/15.0.3\/svg\/1f4de.svg\" alt=\"\ud83d\udcde\" \/>\u00a0\u062e\u062f\u0645\u0629 \u0627\u0644\u0639\u0645\u0644\u0627\u0621 \u0633\u062a\u062a\u0648\u0627\u0635\u0644 \u0645\u0639\u0643<\/strong>: \u0628\u0639\u062f \u0625\u062a\u0645\u0627\u0645 \u0627\u0644\u0637\u0644\u0628\u060c \u0633\u064a\u062a\u0635\u0644 \u0628\u0643 \u0641\u0631\u064a\u0642 \u062e\u062f\u0645\u0629 \u0627\u0644\u0639\u0645\u0644\u0627\u0621 \u0644\u062a\u0623\u0643\u064a\u062f \u0627\u0644\u062a\u0641\u0627\u0635\u064a\u0644 \u0648\u0636\u0645\u0627\u0646 \u062a\u062c\u0631\u0628\u0629 \u0634\u0631\u0627\u0621 \u0633\u0644\u0633\u0629. \u0644\u0630\u0627\u060c\u00a0<strong>\u0646\u0631\u062c\u0648 \u0627\u0644\u0631\u062f \u0639\u0644\u0649 \u0627\u0644\u0645\u0643\u0627\u0644\u0645\u0629 \u0644\u0636\u0645\u0627\u0646 \u062a\u0648\u0635\u064a\u0644 \u0637\u0644\u0628\u0643 \u0641\u064a \u0623\u0633\u0631\u0639 \u0648\u0642\u062a!<\/strong><\/li>\n<li><strong><img decoding=\"async\" class=\"emoji\" role=\"img\" draggable=\"false\" src=\"https:\/\/s.w.org\/images\/core\/emoji\/15.0.3\/svg\/1f69a.svg\" alt=\"\ud83d\ude9a\" \/>\u00a0\u0627\u0644\u062a\u0648\u0635\u064a\u0644 \u0645\u062c\u0627\u0646\u064a \u062a\u0645\u0627\u0645\u064b\u0627<\/strong>: \u0627\u0633\u062a\u0645\u062a\u0639 \u0628\u062e\u062f\u0645\u0629 \u062a\u0648\u0635\u064a\u0644 \u0645\u062c\u0627\u0646\u064a\u0629 \u0644\u062c\u0645\u064a\u0639 \u0645\u0646\u0627\u0637\u0642 \u0627\u0644\u0645\u0645\u0644\u0643\u0629 \u2013 \u0644\u0627 \u062a\u0648\u062c\u062f \u0623\u064a \u0631\u0633\u0648\u0645 \u0625\u0636\u0627\u0641\u064a\u0629.<\/li>\n<li><strong><img decoding=\"async\" class=\"emoji\" role=\"img\" draggable=\"false\" src=\"https:\/\/s.w.org\/images\/core\/emoji\/15.0.3\/svg\/1f3af.svg\" alt=\"\ud83c\udfaf\" \/>\u00a0\u0627\u0644\u0639\u0631\u0636 \u0644\u0641\u062a\u0631\u0629 \u0645\u062d\u062f\u0648\u062f\u0629 \u0641\u0642\u0637<\/strong>: \u0627\u063a\u062a\u0646\u0645 \u0627\u0644\u0641\u0631\u0635\u0629 \u0648\u0627\u062d\u0635\u0644 \u0639\u0644\u0649 \u0647\u0630\u0627 \u0627\u0644\u062c\u0647\u0627\u0632 \u0627\u0644\u0645\u0645\u064a\u0632 \u0627\u0644\u0622\u0646 \u0642\u0628\u0644 \u0646\u0641\u0627\u062f \u0627\u0644\u0643\u0645\u064a\u0629!<\/li>\n<li><strong><img decoding=\"async\" class=\"emoji\" role=\"img\" draggable=\"false\" src=\"https:\/\/s.w.org\/images\/core\/emoji\/15.0.3\/svg\/1f4bc.svg\" alt=\"\ud83d\udcbc\" \/>\u00a0\u0636\u0645\u0627\u0646 \u062c\u0648\u062f\u0629 \u0627\u0644\u0645\u0646\u062a\u062c<\/strong>: \u0625\u0630\u0627 \u0648\u0627\u062c\u0647\u062a\u0643 \u0623\u064a \u0645\u0634\u0643\u0644\u0629\u060c \u0641\u0631\u064a\u0642\u0646\u0627 \u062c\u0627\u0647\u0632 \u0644\u062e\u062f\u0645\u062a\u0643 \u0645\u0639 \u0633\u064a\u0627\u0633\u0629 \u0627\u0633\u062a\u0631\u062c\u0627\u0639 \u0648\u0627\u0633\u062a\u0628\u062f\u0627\u0644 \u0645\u0631\u064a\u062d\u0629.<\/li>\n<\/ol>\n","protected":false},"excerpt":{"rendered":"<p><em><span style=\"color: #ff0000;\"><strong>\u062e\u0635\u0645 40% \u0644\u0641\u062a\u0631\u0629 \u0645\u062d\u062f\u0648\u062f\u0629 + \u062a\u0648\u0635\u064a\u0644 \u0645\u062c\u0627\u0646\u0627<\/strong><\/span><\/em><\/p>\n","protected":false},"featured_media":6283,"template":"","meta":{"site-sidebar-layout":"default","site-content-layout":"default","ast-site-content-layout":"default","site-content-style":"default","site-sidebar-style":"default","ast-global-header-display":"","ast-banner-title-visibility":"","ast-main-header-display":"","ast-hfb-above-header-display":"","ast-hfb-below-header-display":"","ast-hfb-mobile-header-display":"","site-post-title":"","ast-breadcrumbs-content":"","ast-featured-img":"","footer-sml-layout":"","ast-disable-related-posts":"","theme-transparent-header-meta":"default","adv-header-id-meta":"","stick-header-meta":"","header-above-stick-meta":"","header-main-stick-meta":"","header-below-stick-meta":"","astra-migrate-meta-layouts":"set","ast-page-background-enabled":"default","ast-page-background-meta":{"desktop":{"background-color":"","background-image":"","background-repeat":"repeat","background-position":"center center","background-size":"auto","background-attachment":"scroll","background-type":"","background-media":"","overlay-type":"","overlay-color":"","overlay-opacity":"","overlay-gradient":""},"tablet":{"background-color":"","background-image":"","background-repeat":"repeat","background-position":"center center","background-size":"auto","background-attachment":"scroll","background-type":"","background-media":"","overlay-type":"","overlay-color":"","overlay-opacity":"","overlay-gradient":""},"mobile":{"background-color":"","background-image":"","background-repeat":"repeat","background-position":"center center","background-size":"auto","background-attachment":"scroll","background-type":"","background-media":"","overlay-type":"","overlay-color":"","overlay-opacity":"","overlay-gradient":""}},"ast-content-background-meta":{"desktop":{"background-color":"var(--ast-global-color-5)","background-image":"","background-repeat":"repeat","background-position":"center center","background-size":"auto","background-attachment":"scroll","background-type":"","background-media":"","overlay-type":"","overlay-color":"","overlay-opacity":"","overlay-gradient":""},"tablet":{"background-color":"var(--ast-global-color-5)","background-image":"","background-repeat":"repeat","background-position":"center center","background-size":"auto","background-attachment":"scroll","background-type":"","background-media":"","overlay-type":"","overlay-color":"","overlay-opacity":"","overlay-gradient":""},"mobile":{"background-color":"var(--ast-global-color-5)","background-image":"","background-repeat":"repeat","background-position":"center center","background-size":"auto","background-attachment":"scroll","background-type":"","background-media":"","overlay-type":"","overlay-color":"","overlay-opacity":"","overlay-gradient":""}}},"product_brand":[],"product_cat":[59],"product_tag":[],"class_list":{"0":"post-6261","1":"product","2":"type-product","3":"status-publish","4":"has-post-thumbnail","6":"product_cat-59","7":"desktop-align-left","8":"tablet-align-left","9":"mobile-align-left","11":"first","12":"instock","13":"sale","14":"shipping-taxable","15":"purchasable","16":"product-type-simple"},"_links":{"self":[{"href":"https:\/\/altaswq.com\/index.php?rest_route=\/wp\/v2\/product\/6261","targetHints":{"allow":["GET"]}}],"collection":[{"href":"https:\/\/altaswq.com\/index.php?rest_route=\/wp\/v2\/product"}],"about":[{"href":"https:\/\/altaswq.com\/index.php?rest_route=\/wp\/v2\/types\/product"}],"version-history":[{"count":5,"href":"https:\/\/altaswq.com\/index.php?rest_route=\/wp\/v2\/product\/6261\/revisions"}],"predecessor-version":[{"id":8459,"href":"https:\/\/altaswq.com\/index.php?rest_route=\/wp\/v2\/product\/6261\/revisions\/8459"}],"wp:featuredmedia":[{"embeddable":true,"href":"https:\/\/altaswq.com\/index.php?rest_route=\/wp\/v2\/media\/6283"}],"wp:attachment":[{"href":"https:\/\/altaswq.com\/index.php?rest_route=%2Fwp%2Fv2%2Fmedia&parent=6261"}],"wp:term":[{"taxonomy":"product_brand","embeddable":true,"href":"https:\/\/altaswq.com\/index.php?rest_route=%2Fwp%2Fv2%2Fproduct_brand&post=6261"},{"taxonomy":"product_cat","embeddable":true,"href":"https:\/\/altaswq.com\/index.php?rest_route=%2Fwp%2Fv2%2Fproduct_cat&post=6261"},{"taxonomy":"product_tag","embeddable":true,"href":"https:\/\/altaswq.com\/index.php?rest_route=%2Fwp%2Fv2%2Fproduct_tag&post=6261"}],"curies":[{"name":"wp","href":"https:\/\/api.w.org\/{rel}","templated":true}]}}